{"id":6051,"date":"2021-06-02T13:19:31","date_gmt":"2021-06-02T11:19:31","guid":{"rendered":"https:\/\/ftpa-new.eliott-markus.digital\/mentions-legales\/"},"modified":"2024-07-16T17:36:06","modified_gmt":"2024-07-16T15:36:06","slug":"mentions-legales","status":"publish","type":"page","link":"https:\/\/ftpa.com\/en\/mentions-legales\/","title":{"rendered":"Legal information"},"content":{"rendered":"\n<p><strong>SELAS Foucaud Tchekhoff Pochet et Associ\u00e9s (FTPA)<\/strong><\/p>\n\n\n\n<p>50 rue Amp\u00e8re<br>75017 Paris \u2013 France<br>T +33 1 45&nbsp;00 86 20<br>F +33 1 44 17 41 65<\/p>\n\n\n\n<p>Cabinet d\u2019avocats exer\u00e7ant sous la forme d\u2019une soci\u00e9t\u00e9 d\u2019exercice lib\u00e9ral par actions simplifi\u00e9e au capital social de 1 259 115 euros, immatricul\u00e9e au Registre du Commerce et des Soci\u00e9t\u00e9s sous le num\u00e9ro unique d\u2019identification 323 005\u00a0488 RCS Paris.<\/p>\n\n\n\n<p><strong>Directeur de la publication<\/strong><br>Philippe POCHET<\/p>\n\n\n\n<p><strong>Webmaster <\/strong>Eliott &amp; Markus \u2013 FTPA<\/p>\n\n\n\n<p><strong>Cr\u00e9ation et webdesign<\/strong><br><a href=\"\/\/www.eliott-markus.com\/\">Eliott &amp; Markus<\/a><br>10 rue Myrha \u2013 75018 Paris<br>T +33 1 53 41 41 96<br>Email :&nbsp;<a href=\"mailto:contact@eliott-markus.com\">contact@eliott-markus.com<\/a><\/p>\n\n\n\n<p><strong>Cr\u00e9dits photo <\/strong>S\u00e9bastien Dolidon, Hugues-Marie Duclos, Fabien Harrow, M\u00e9lanie Pe\u00f1aranda (portraits)<br>Hugues-Marie Duclos (photos du cabinet),<br><br><strong>H\u00e9bergement <\/strong><a href=\"\/\/www.ovh.com\" target=\"_blank\" rel=\"noreferrer noopener\">OVH<\/a><br>2 rue Kellermann&nbsp;<br>BP 80157<br>59053 ROUBAIX Cedex 1<br>T&nbsp;+33 (0)8 203 203 63<br>Email.&nbsp;<a class=\"\" href=\"mailto:support@ovh.com\">support@ovh.com<\/a><\/p>\n\n\n\n<p><strong class=\"\">Responsabilit\u00e9 civile<\/strong><\/p>\n\n\n\n<p>Notre cabinet a souscrit une assurance responsabilit\u00e9 civile professionnelle qui, eu \u00e9gard \u00e0 l&#8217;importance des dossiers qui lui sont confi\u00e9s, exc\u00e8de largement le r\u00e9gime de garantie de droit commun mis en place par l&#8217;Ordre des Avocats de Paris.<\/p>\n\n\n\n<p>Vous trouverez une copie de cette attestation de garantie ci-dessous.<\/p>\n\n\n\n<p>La responsabilit\u00e9 du cabinet ne pourra \u00eatre recherch\u00e9e au del\u00e0 de ce montant et ne pourra, en tout \u00e9tat de cause, \u00eatre recherch\u00e9e au titre de tout dommage indirect ou mat\u00e9riel, tel que perte ou demande de profits, pr\u00e9judice d&#8217;image, etc&#8230;<\/p>\n\n\n\n<p><strong>Design &amp; D\u00e9veloppement<\/strong><\/p>\n\n\n\n<p>Le site Internet a \u00e9t\u00e9 cr\u00e9\u00e9 et d\u00e9velopp\u00e9 par l\u2019agence <a href=\"http:\/\/www.eliott-markus.com\" target=\"_blank\" rel=\"noreferrer noopener\">ELIOTT ET MARKUS<\/a><\/p>\n\n\n\n<p><strong><a href=\"https:\/\/ftpa.com\/wp-content\/uploads\/2020\/01\/FTPA-ATTESTATION-RCP-2020-FR.pdf\" target=\"_blank\" rel=\"noreferrer noopener\">Obtenir une copie de cette attestation (PDF, 255 Ko)<\/a><\/strong><\/p>\n","protected":false},"excerpt":{"rendered":"<p>SELAS Foucaud Tchekhoff Pochet et Associ\u00e9s (FTPA) 50 rue Amp\u00e8re75017 Paris \u2013 FranceT +33 1 45&nbsp;00 86 20F +33 1 44 17 41 65 Cabinet d\u2019avocats exer\u00e7ant sous la forme d\u2019une soci\u00e9t\u00e9 d\u2019exercice lib\u00e9ral par actions simplifi\u00e9e au capital social de 1 259 115 euros, immatricul\u00e9e au Registre du Commerce et des Soci\u00e9t\u00e9s sous le [&hellip;]<\/p>\n","protected":false},"author":3,"featured_media":0,"parent":0,"menu_order":9,"comment_status":"closed","ping_status":"closed","template":"pages\/ml.php","meta":{"_acf_changed":false,"inline_featured_image":false,"footnotes":""},"class_list":["post-6051","page","type-page","status-publish","hentry"],"acf":[],"yoast_head":"<!-- This site is optimized with the Yoast SEO plugin v27.3 - https:\/\/yoast.com\/product\/yoast-seo-wordpress\/ -->\n<title>Legal information - FTPA<\/title>\n<meta name=\"robots\" content=\"index, follow, max-snippet:-1, max-image-preview:large, max-video-preview:-1\" \/>\n<link rel=\"canonical\" href=\"https:\/\/ftpa.com\/en\/mentions-legales\/\" \/>\n<meta property=\"og:locale\" content=\"en_US\" \/>\n<meta property=\"og:type\" content=\"article\" \/>\n<meta property=\"og:title\" content=\"Legal information - FTPA\" \/>\n<meta property=\"og:description\" content=\"SELAS Foucaud Tchekhoff Pochet et Associ\u00e9s (FTPA) 50 rue Amp\u00e8re75017 Paris \u2013 FranceT +33 1 45&nbsp;00 86 20F +33 1 44 17 41 65 Cabinet d\u2019avocats exer\u00e7ant sous la forme d\u2019une soci\u00e9t\u00e9 d\u2019exercice lib\u00e9ral par actions simplifi\u00e9e au capital social de 1 259 115 euros, immatricul\u00e9e au Registre du Commerce et des Soci\u00e9t\u00e9s sous le [&hellip;]\" \/>\n<meta property=\"og:url\" content=\"https:\/\/ftpa.com\/en\/mentions-legales\/\" \/>\n<meta property=\"og:site_name\" content=\"FTPA\" \/>\n<meta property=\"article:modified_time\" content=\"2024-07-16T15:36:06+00:00\" \/>\n<meta property=\"og:image\" content=\"https:\/\/ftpa.com\/wp-content\/uploads\/2021\/06\/cropped-1519913117077.png\" \/>\n\t<meta property=\"og:image:width\" content=\"512\" \/>\n\t<meta property=\"og:image:height\" content=\"512\" \/>\n\t<meta property=\"og:image:type\" content=\"image\/png\" \/>\n<meta name=\"twitter:card\" content=\"summary_large_image\" \/>\n<meta name=\"twitter:label1\" content=\"Est. reading time\" \/>\n\t<meta name=\"twitter:data1\" content=\"2 minutes\" \/>\n<script type=\"application\/ld+json\" class=\"yoast-schema-graph\">{\"@context\":\"https:\\\/\\\/schema.org\",\"@graph\":[{\"@type\":\"WebPage\",\"@id\":\"https:\\\/\\\/ftpa.com\\\/en\\\/mentions-legales\\\/\",\"url\":\"https:\\\/\\\/ftpa.com\\\/en\\\/mentions-legales\\\/\",\"name\":\"Legal information - FTPA\",\"isPartOf\":{\"@id\":\"https:\\\/\\\/ftpa.com\\\/#website\"},\"datePublished\":\"2021-06-02T11:19:31+00:00\",\"dateModified\":\"2024-07-16T15:36:06+00:00\",\"breadcrumb\":{\"@id\":\"https:\\\/\\\/ftpa.com\\\/en\\\/mentions-legales\\\/#breadcrumb\"},\"inLanguage\":\"en-US\",\"potentialAction\":[{\"@type\":\"ReadAction\",\"target\":[\"https:\\\/\\\/ftpa.com\\\/en\\\/mentions-legales\\\/\"]}]},{\"@type\":\"BreadcrumbList\",\"@id\":\"https:\\\/\\\/ftpa.com\\\/en\\\/mentions-legales\\\/#breadcrumb\",\"itemListElement\":[{\"@type\":\"ListItem\",\"position\":1,\"name\":\"Accueil\",\"item\":\"https:\\\/\\\/ftpa.com\\\/en\\\/\"},{\"@type\":\"ListItem\",\"position\":2,\"name\":\"Legal information\"}]},{\"@type\":\"WebSite\",\"@id\":\"https:\\\/\\\/ftpa.com\\\/#website\",\"url\":\"https:\\\/\\\/ftpa.com\\\/\",\"name\":\"FTPA\",\"description\":\"Accompagnement juridique et strat\u00e9gique inventif au service de nos clients\",\"publisher\":{\"@id\":\"https:\\\/\\\/ftpa.com\\\/#organization\"},\"potentialAction\":[{\"@type\":\"SearchAction\",\"target\":{\"@type\":\"EntryPoint\",\"urlTemplate\":\"https:\\\/\\\/ftpa.com\\\/?s={search_term_string}\"},\"query-input\":{\"@type\":\"PropertyValueSpecification\",\"valueRequired\":true,\"valueName\":\"search_term_string\"}}],\"inLanguage\":\"en-US\"},{\"@type\":\"Organization\",\"@id\":\"https:\\\/\\\/ftpa.com\\\/#organization\",\"name\":\"FTPA\",\"url\":\"https:\\\/\\\/ftpa.com\\\/\",\"logo\":{\"@type\":\"ImageObject\",\"inLanguage\":\"en-US\",\"@id\":\"https:\\\/\\\/ftpa.com\\\/#\\\/schema\\\/logo\\\/image\\\/\",\"url\":\"https:\\\/\\\/ftpa.com\\\/wp-content\\\/uploads\\\/2021\\\/06\\\/cropped-1519913117077.png\",\"contentUrl\":\"https:\\\/\\\/ftpa.com\\\/wp-content\\\/uploads\\\/2021\\\/06\\\/cropped-1519913117077.png\",\"width\":512,\"height\":512,\"caption\":\"FTPA\"},\"image\":{\"@id\":\"https:\\\/\\\/ftpa.com\\\/#\\\/schema\\\/logo\\\/image\\\/\"},\"sameAs\":[\"https:\\\/\\\/fr.linkedin.com\\\/company\\\/ftpa\"]}]}<\/script>\n<!-- \/ Yoast SEO plugin. -->","yoast_head_json":{"title":"Legal information - FTPA","robots":{"index":"index","follow":"follow","max-snippet":"max-snippet:-1","max-image-preview":"max-image-preview:large","max-video-preview":"max-video-preview:-1"},"canonical":"https:\/\/ftpa.com\/en\/mentions-legales\/","og_locale":"en_US","og_type":"article","og_title":"Legal information - FTPA","og_description":"SELAS Foucaud Tchekhoff Pochet et Associ\u00e9s (FTPA) 50 rue Amp\u00e8re75017 Paris \u2013 FranceT +33 1 45&nbsp;00 86 20F +33 1 44 17 41 65 Cabinet d\u2019avocats exer\u00e7ant sous la forme d\u2019une soci\u00e9t\u00e9 d\u2019exercice lib\u00e9ral par actions simplifi\u00e9e au capital social de 1 259 115 euros, immatricul\u00e9e au Registre du Commerce et des Soci\u00e9t\u00e9s sous le [&hellip;]","og_url":"https:\/\/ftpa.com\/en\/mentions-legales\/","og_site_name":"FTPA","article_modified_time":"2024-07-16T15:36:06+00:00","og_image":[{"width":512,"height":512,"url":"https:\/\/ftpa.com\/wp-content\/uploads\/2021\/06\/cropped-1519913117077.png","type":"image\/png"}],"twitter_card":"summary_large_image","twitter_misc":{"Est. reading time":"2 minutes"},"schema":{"@context":"https:\/\/schema.org","@graph":[{"@type":"WebPage","@id":"https:\/\/ftpa.com\/en\/mentions-legales\/","url":"https:\/\/ftpa.com\/en\/mentions-legales\/","name":"Legal information - FTPA","isPartOf":{"@id":"https:\/\/ftpa.com\/#website"},"datePublished":"2021-06-02T11:19:31+00:00","dateModified":"2024-07-16T15:36:06+00:00","breadcrumb":{"@id":"https:\/\/ftpa.com\/en\/mentions-legales\/#breadcrumb"},"inLanguage":"en-US","potentialAction":[{"@type":"ReadAction","target":["https:\/\/ftpa.com\/en\/mentions-legales\/"]}]},{"@type":"BreadcrumbList","@id":"https:\/\/ftpa.com\/en\/mentions-legales\/#breadcrumb","itemListElement":[{"@type":"ListItem","position":1,"name":"Accueil","item":"https:\/\/ftpa.com\/en\/"},{"@type":"ListItem","position":2,"name":"Legal information"}]},{"@type":"WebSite","@id":"https:\/\/ftpa.com\/#website","url":"https:\/\/ftpa.com\/","name":"FTPA","description":"Accompagnement juridique et strat\u00e9gique inventif au service de nos clients","publisher":{"@id":"https:\/\/ftpa.com\/#organization"},"potentialAction":[{"@type":"SearchAction","target":{"@type":"EntryPoint","urlTemplate":"https:\/\/ftpa.com\/?s={search_term_string}"},"query-input":{"@type":"PropertyValueSpecification","valueRequired":true,"valueName":"search_term_string"}}],"inLanguage":"en-US"},{"@type":"Organization","@id":"https:\/\/ftpa.com\/#organization","name":"FTPA","url":"https:\/\/ftpa.com\/","logo":{"@type":"ImageObject","inLanguage":"en-US","@id":"https:\/\/ftpa.com\/#\/schema\/logo\/image\/","url":"https:\/\/ftpa.com\/wp-content\/uploads\/2021\/06\/cropped-1519913117077.png","contentUrl":"https:\/\/ftpa.com\/wp-content\/uploads\/2021\/06\/cropped-1519913117077.png","width":512,"height":512,"caption":"FTPA"},"image":{"@id":"https:\/\/ftpa.com\/#\/schema\/logo\/image\/"},"sameAs":["https:\/\/fr.linkedin.com\/company\/ftpa"]}]}},"_links":{"self":[{"href":"https:\/\/ftpa.com\/en\/wp-json\/wp\/v2\/pages\/6051","targetHints":{"allow":["GET"]}}],"collection":[{"href":"https:\/\/ftpa.com\/en\/wp-json\/wp\/v2\/pages"}],"about":[{"href":"https:\/\/ftpa.com\/en\/wp-json\/wp\/v2\/types\/page"}],"author":[{"embeddable":true,"href":"https:\/\/ftpa.com\/en\/wp-json\/wp\/v2\/users\/3"}],"replies":[{"embeddable":true,"href":"https:\/\/ftpa.com\/en\/wp-json\/wp\/v2\/comments?post=6051"}],"version-history":[{"count":6,"href":"https:\/\/ftpa.com\/en\/wp-json\/wp\/v2\/pages\/6051\/revisions"}],"predecessor-version":[{"id":18871,"href":"https:\/\/ftpa.com\/en\/wp-json\/wp\/v2\/pages\/6051\/revisions\/18871"}],"wp:attachment":[{"href":"https:\/\/ftpa.com\/en\/wp-json\/wp\/v2\/media?parent=6051"}],"curies":[{"name":"wp","href":"https:\/\/api.w.org\/{rel}","templated":true}]}}